{"id":5543,"date":"2025-07-29T11:23:50","date_gmt":"2025-07-29T11:23:50","guid":{"rendered":"https:\/\/hotellarverde.pt\/?page_id=5543"},"modified":"2025-09-02T16:49:10","modified_gmt":"2025-09-02T16:49:10","slug":"rotas-e-trilhos","status":"publish","type":"page","link":"https:\/\/hotellarverde.pt\/en\/rotas-e-trilhos\/","title":{"rendered":"Rotas e Trilhos"},"content":{"rendered":"<div data-elementor-type=\"wp-page\" data-elementor-id=\"5543\" class=\"elementor elementor-5543\">\n\t\t\t\t\t\t<section class=\"elementor-section elementor-top-section elementor-element elementor-element-801451a elementor-section-height-min-height cs-section-content-fullwidth cs-parallax-on-scroll cs_scroll_y_80 elementor-section-boxed elementor-section-height-default elementor-section-items-middle\" data-id=\"801451a\" data-element_type=\"section\" data-settings=\"{&quot;background_background&quot;:&quot;classic&quot;}\" data-cs-parallax-y=\"80\" style=\"background-image: none;\" data-cs-background-image=\"https:\/\/hotellarverde.pt\/wp-content\/uploads\/2025\/07\/banner-explorar.jpg\" data-cs-background-image-alt-text=\"\">\n\t\t\t\t\t\t\t<div class=\"elementor-background-overlay\"><\/div>\n\t\t\t\t\t\t\t<div class=\"elementor-container elementor-column-gap-no\">\n\t\t\t\t\t<div class=\"elementor-column elementor-col-100 elementor-top-column elementor-element elementor-element-7844eab dark-color\" data-id=\"7844eab\" data-element_type=\"column\">\n\t\t\t<div class=\"elementor-widget-wrap elementor-element-populated\">\n\t\t\t\t\t\t<div class=\"elementor-element elementor-element-b753ce4 elementor-widget elementor-widget-cs_title\" data-id=\"b753ce4\" data-element_type=\"widget\" data-widget_type=\"cs_title.default\">\n\t\t\t\t<div class=\"elementor-widget-container\">\n\t\t\t\t\t\n        <div class=\"cs-title-wrap text-center\">\t            <div class=\"cs-subtitle-wrap\"><span class=\"cs-subtitle color-white\">Explore<\/span><\/div>\t            <h5 class=\"cs-title\">\n\t                ROUTES &amp; TRAILS\t            <\/h5>        <\/div>\t\t\t\t<\/div>\n\t\t\t\t<\/div>\n\t\t\t\t\t<\/div>\n\t\t<\/div>\n\t\t\t\t\t<\/div>\n\t\t<\/section>\n\t\t\t\t<section class=\"elementor-section elementor-top-section elementor-element elementor-element-3a4e6e4 elementor-section-boxed elementor-section-height-default elementor-section-height-default\" data-id=\"3a4e6e4\" data-element_type=\"section\">\n\t\t\t\t\t\t<div class=\"elementor-container elementor-column-gap-default\">\n\t\t\t\t\t<div class=\"elementor-column elementor-col-100 elementor-top-column elementor-element elementor-element-5aa9c49\" data-id=\"5aa9c49\" data-element_type=\"column\">\n\t\t\t<div class=\"elementor-widget-wrap elementor-element-populated\">\n\t\t\t\t\t\t<div class=\"elementor-element elementor-element-6b15c21 elementor-widget elementor-widget-spacer\" data-id=\"6b15c21\" data-element_type=\"widget\" data-widget_type=\"spacer.default\">\n\t\t\t\t<div class=\"elementor-widget-container\">\n\t\t\t\t\t\t\t<div class=\"elementor-spacer\">\n\t\t\t<div class=\"elementor-spacer-inner\"><\/div>\n\t\t<\/div>\n\t\t\t\t\t\t<\/div>\n\t\t\t\t<\/div>\n\t\t\t\t\t<\/div>\n\t\t<\/div>\n\t\t\t\t\t<\/div>\n\t\t<\/section>\n\t\t\t\t<section class=\"elementor-section elementor-top-section elementor-element elementor-element-bf475b6 elementor-section-boxed elementor-section-height-default elementor-section-height-default\" data-id=\"bf475b6\" data-element_type=\"section\">\n\t\t\t\t\t\t<div class=\"elementor-container elementor-column-gap-default\">\n\t\t\t\t\t<div class=\"elementor-column elementor-col-50 elementor-top-column elementor-element elementor-element-2be695e\" data-id=\"2be695e\" data-element_type=\"column\">\n\t\t\t<div class=\"elementor-widget-wrap elementor-element-populated\">\n\t\t\t\t\t\t<div class=\"elementor-element elementor-element-28b69d7 cs-animation-small-offset elementor-invisible elementor-widget elementor-widget-cs_call_to_action\" data-id=\"28b69d7\" data-element_type=\"widget\" data-settings=\"{&quot;_animation&quot;:&quot;fadeInUp&quot;,&quot;_animation_delay&quot;:200}\" data-widget_type=\"cs_call_to_action.default\">\n\t\t\t\t<div class=\"elementor-widget-container\">\n\t\t\t\t\t\n\t\t<div class=\"cs-cta cta-layout-text-normal text-left cta-hover-img-zoom\">\n            <div class=\"cs-cta-wrap\">\t\t                <div class=\"cs-cta-img-wrap\">\n\t\t\t\t\t        <div class=\"cs-cta-img\">\n\t\t\t\t\t            <img fetchpriority=\"high\" decoding=\"async\" width=\"1200\" height=\"800\" src=\"https:\/\/hotellarverde.pt\/wp-content\/uploads\/2025\/07\/trilho-dos-bufos.jpg\" class=\"attachment-cozystay_1200x9999 size-cozystay_1200x9999 wp-image-5722\" alt=\"\" srcset=\"https:\/\/hotellarverde.pt\/wp-content\/uploads\/2025\/07\/trilho-dos-bufos.jpg 1200w, https:\/\/hotellarverde.pt\/wp-content\/uploads\/2025\/07\/trilho-dos-bufos-300x200.jpg 300w, https:\/\/hotellarverde.pt\/wp-content\/uploads\/2025\/07\/trilho-dos-bufos-1024x683.jpg 1024w, https:\/\/hotellarverde.pt\/wp-content\/uploads\/2025\/07\/trilho-dos-bufos-768x512.jpg 768w, https:\/\/hotellarverde.pt\/wp-content\/uploads\/2025\/07\/trilho-dos-bufos-18x12.jpg 18w, https:\/\/hotellarverde.pt\/wp-content\/uploads\/2025\/07\/trilho-dos-bufos-780x520.jpg 780w, https:\/\/hotellarverde.pt\/wp-content\/uploads\/2025\/07\/trilho-dos-bufos-600x400.jpg 600w, https:\/\/hotellarverde.pt\/wp-content\/uploads\/2025\/07\/trilho-dos-bufos-550x367.jpg 550w, https:\/\/hotellarverde.pt\/wp-content\/uploads\/2025\/07\/trilho-dos-bufos-370x247.jpg 370w, https:\/\/hotellarverde.pt\/wp-content\/uploads\/2025\/07\/trilho-dos-bufos-255x170.jpg 255w, https:\/\/hotellarverde.pt\/wp-content\/uploads\/2025\/07\/trilho-dos-bufos-150x100.jpg 150w\" sizes=\"(max-width: 1200px) 100vw, 1200px\" \/>\t\t\t\t\t        <\/div>\n\t\t\t\t\t        <div class=\"cs-offset-border\"><\/div>\n\t\t\t\t\t\t<\/div>                <div class=\"cs-cta-overlay\"><\/div>\n                <div class=\"cs-cta-content\">\t\t\t\t\t<div class=\"cs-subtitle-wrap\"><span class=\"cs-subtitle\">Routes &amp; Trails<\/span><\/div>\t\t            <h5 class=\"cs-cta-title cs-title\">\n\t\t                BUFOS TRAIL\t\t            <\/h5>\t\t            <div class=\"cs-cta-text\">\n\t\t                <p align=\"justify\">Circular route starting and ending near the Pedr\u00f3g\u00e3o Pequeno Municipal Market. This route takes you along a Roman road, where you can also see the magnificent granite cliffs of the Z\u00eazere Valley and the common buzzard that frequently flies overhead. The Porteleiros stream, Casal dos Bufos (from which this route is named), the Cabril Dam (built on the Z\u00eazere River and inaugurated on July 31, 1954), the Cabril quarry from which the stone was extracted for the dam's construction, and the Senhora da Confian\u00e7a Hill are some of the sights you can see along the route.<\/p><p><strong><b>Route Type: <\/b><\/strong>\u00a0Pedestrian PR (circular)<strong><br \/><strong><b>Starting Point\/Arrival Point: <\/b><\/strong><\/strong>Mercado Municipal de Pedr\u00f3g\u00e3o Pequeno \u2013\u00a039\u00b054\u20199.22\u2033N\u00a08\u00b0 7\u201951.56\u2033W<strong><br \/><strong>Distance:<\/strong><\/strong>9,75 km<strong><br \/><strong>Duration:\u00a0<\/strong><\/strong>3h30<\/p>\t\t            <\/div>\t\t\t<\/div>            <\/div>\n        <\/div>\t\t\t\t<\/div>\n\t\t\t\t<\/div>\n\t\t\t\t\t<\/div>\n\t\t<\/div>\n\t\t\t\t<div class=\"elementor-column elementor-col-50 elementor-top-column elementor-element elementor-element-236aac4\" data-id=\"236aac4\" data-element_type=\"column\">\n\t\t\t<div class=\"elementor-widget-wrap elementor-element-populated\">\n\t\t\t\t\t\t<div class=\"elementor-element elementor-element-1f5c2a2 cs-animation-small-offset elementor-invisible elementor-widget elementor-widget-cs_call_to_action\" data-id=\"1f5c2a2\" data-element_type=\"widget\" data-settings=\"{&quot;_animation&quot;:&quot;fadeInUp&quot;,&quot;_animation_delay&quot;:200}\" data-widget_type=\"cs_call_to_action.default\">\n\t\t\t\t<div class=\"elementor-widget-container\">\n\t\t\t\t\t\n\t\t<div class=\"cs-cta cta-layout-text-normal text-left cta-hover-img-zoom\">\n            <div class=\"cs-cta-wrap\">\t\t                <div class=\"cs-cta-img-wrap\">\n\t\t\t\t\t        <div class=\"cs-cta-img\">\n\t\t\t\t\t            <img decoding=\"async\" width=\"1200\" height=\"800\" src=\"https:\/\/hotellarverde.pt\/wp-content\/uploads\/2025\/07\/trilho-do-zezere.jpg\" class=\"attachment-cozystay_1200x9999 size-cozystay_1200x9999 wp-image-5727\" alt=\"\" srcset=\"https:\/\/hotellarverde.pt\/wp-content\/uploads\/2025\/07\/trilho-do-zezere.jpg 1200w, https:\/\/hotellarverde.pt\/wp-content\/uploads\/2025\/07\/trilho-do-zezere-300x200.jpg 300w, https:\/\/hotellarverde.pt\/wp-content\/uploads\/2025\/07\/trilho-do-zezere-1024x683.jpg 1024w, https:\/\/hotellarverde.pt\/wp-content\/uploads\/2025\/07\/trilho-do-zezere-768x512.jpg 768w, https:\/\/hotellarverde.pt\/wp-content\/uploads\/2025\/07\/trilho-do-zezere-18x12.jpg 18w, https:\/\/hotellarverde.pt\/wp-content\/uploads\/2025\/07\/trilho-do-zezere-780x520.jpg 780w, https:\/\/hotellarverde.pt\/wp-content\/uploads\/2025\/07\/trilho-do-zezere-600x400.jpg 600w, https:\/\/hotellarverde.pt\/wp-content\/uploads\/2025\/07\/trilho-do-zezere-550x367.jpg 550w, https:\/\/hotellarverde.pt\/wp-content\/uploads\/2025\/07\/trilho-do-zezere-370x247.jpg 370w, https:\/\/hotellarverde.pt\/wp-content\/uploads\/2025\/07\/trilho-do-zezere-255x170.jpg 255w, https:\/\/hotellarverde.pt\/wp-content\/uploads\/2025\/07\/trilho-do-zezere-150x100.jpg 150w\" sizes=\"(max-width: 1200px) 100vw, 1200px\" \/>\t\t\t\t\t        <\/div>\n\t\t\t\t\t        <div class=\"cs-offset-border\"><\/div>\n\t\t\t\t\t\t<\/div>                <div class=\"cs-cta-overlay\"><\/div>\n                <div class=\"cs-cta-content\">\t\t\t\t\t<div class=\"cs-subtitle-wrap\"><span class=\"cs-subtitle\">Routes &amp; Trails<\/span><\/div>\t\t            <h5 class=\"cs-cta-title cs-title\">\n\t\t                TRILHO DO Z\u00caZERE\t\t            <\/h5>\t\t            <div class=\"cs-cta-text\">\n\t\t                <p align=\"JUSTIFY\">Percurso circular com ponto de partida e chegada junto ao Mercado Municipal de Pedr\u00f3g\u00e3o Pequeno. Este percurso ir\u00e1 lev\u00e1-lo ao longo de uma estrada romana, \u00fanica via terrestre existente ate 1954 para a liga\u00e7\u00e3o das margens do rio Z\u00eazere, ladeado de um patrim\u00f3nio florestal rico em sobreiros que habitam nas magn\u00edficas escarpas de granito situadas junto da Ribeira dos Porteleiros. Pode ainda observar a Ponte Filipina datada do s\u00e9culo XVII que, atualmente \u00e9 o cart\u00e3o-de-visita de Pedr\u00f3g\u00e3o Pequeno, podendo desfrutar de v\u00e1rios miradouros, bem como de zonas de descanso. Ao longo deste percurso passar\u00e1 tamb\u00e9m pelo Trilho da Levada, atravessando o t\u00fanel do Moinho das Freiras, local com uma paisagem de extraordin\u00e1ria beleza.<\/p><p align=\"JUSTIFY\"><strong><b>Route Type: <\/b><\/strong>Pedestrian PR (circular)<br \/><strong><b>Starting Point\/Arrival Point:\u00a0<\/b><\/strong>Mercado Municipal de Pedr\u00f3g\u00e3o Pequeno \u2013\u00a039\u00b054\u20199.22\u2033N\u00a08\u00b0 7\u201951.56\u2033W<br \/><strong>Distance:\u00a0<\/strong>7 km<br \/><strong>Duration:\u00a0<\/strong>3h<\/p>\t\t            <\/div>\t\t\t<\/div>            <\/div>\n        <\/div>\t\t\t\t<\/div>\n\t\t\t\t<\/div>\n\t\t\t\t\t<\/div>\n\t\t<\/div>\n\t\t\t\t\t<\/div>\n\t\t<\/section>\n\t\t\t\t<section class=\"elementor-section elementor-top-section elementor-element elementor-element-f35f3c6 elementor-section-boxed elementor-section-height-default elementor-section-height-default\" data-id=\"f35f3c6\" data-element_type=\"section\">\n\t\t\t\t\t\t<div class=\"elementor-container elementor-column-gap-default\">\n\t\t\t\t\t<div class=\"elementor-column elementor-col-100 elementor-top-column elementor-element elementor-element-40b4f6d\" data-id=\"40b4f6d\" data-element_type=\"column\">\n\t\t\t<div class=\"elementor-widget-wrap elementor-element-populated\">\n\t\t\t\t\t\t<div class=\"elementor-element elementor-element-48fcf1f elementor-widget elementor-widget-spacer\" data-id=\"48fcf1f\" data-element_type=\"widget\" data-widget_type=\"spacer.default\">\n\t\t\t\t<div class=\"elementor-widget-container\">\n\t\t\t\t\t\t\t<div class=\"elementor-spacer\">\n\t\t\t<div class=\"elementor-spacer-inner\"><\/div>\n\t\t<\/div>\n\t\t\t\t\t\t<\/div>\n\t\t\t\t<\/div>\n\t\t\t\t\t<\/div>\n\t\t<\/div>\n\t\t\t\t\t<\/div>\n\t\t<\/section>\n\t\t\t\t<section class=\"elementor-section elementor-top-section elementor-element elementor-element-c81b958 elementor-section-boxed elementor-section-height-default elementor-section-height-default\" data-id=\"c81b958\" data-element_type=\"section\">\n\t\t\t\t\t\t<div class=\"elementor-container elementor-column-gap-default\">\n\t\t\t\t\t<div class=\"elementor-column elementor-col-50 elementor-top-column elementor-element elementor-element-34951d7\" data-id=\"34951d7\" data-element_type=\"column\">\n\t\t\t<div class=\"elementor-widget-wrap\">\n\t\t\t\t\t\t\t<\/div>\n\t\t<\/div>\n\t\t\t\t<div class=\"elementor-column elementor-col-50 elementor-top-column elementor-element elementor-element-f4f9931\" data-id=\"f4f9931\" data-element_type=\"column\">\n\t\t\t<div class=\"elementor-widget-wrap\">\n\t\t\t\t\t\t\t<\/div>\n\t\t<\/div>\n\t\t\t\t\t<\/div>\n\t\t<\/section>\n\t\t\t\t<section class=\"elementor-section elementor-top-section elementor-element elementor-element-1ae1e90 elementor-section-boxed elementor-section-height-default elementor-section-height-default\" data-id=\"1ae1e90\" data-element_type=\"section\">\n\t\t\t\t\t\t<div class=\"elementor-container elementor-column-gap-default\">\n\t\t\t\t\t<div class=\"elementor-column elementor-col-100 elementor-top-column elementor-element elementor-element-b1b083d\" data-id=\"b1b083d\" data-element_type=\"column\">\n\t\t\t<div class=\"elementor-widget-wrap elementor-element-populated\">\n\t\t\t\t\t\t<div class=\"elementor-element elementor-element-f33926b elementor-widget elementor-widget-spacer\" data-id=\"f33926b\" data-element_type=\"widget\" data-widget_type=\"spacer.default\">\n\t\t\t\t<div class=\"elementor-widget-container\">\n\t\t\t\t\t\t\t<div class=\"elementor-spacer\">\n\t\t\t<div class=\"elementor-spacer-inner\"><\/div>\n\t\t<\/div>\n\t\t\t\t\t\t<\/div>\n\t\t\t\t<\/div>\n\t\t\t\t\t<\/div>\n\t\t<\/div>\n\t\t\t\t\t<\/div>\n\t\t<\/section>\n\t\t\t\t<section class=\"elementor-section elementor-top-section elementor-element elementor-element-ac1129f elementor-section-boxed elementor-section-height-default elementor-section-height-default\" data-id=\"ac1129f\" data-element_type=\"section\">\n\t\t\t\t\t\t<div class=\"elementor-container elementor-column-gap-default\">\n\t\t\t\t\t<div class=\"elementor-column elementor-col-50 elementor-top-column elementor-element elementor-element-3624f87\" data-id=\"3624f87\" data-element_type=\"column\">\n\t\t\t<div class=\"elementor-widget-wrap\">\n\t\t\t\t\t\t\t<\/div>\n\t\t<\/div>\n\t\t\t\t<div class=\"elementor-column elementor-col-50 elementor-top-column elementor-element elementor-element-40e64c4\" data-id=\"40e64c4\" data-element_type=\"column\">\n\t\t\t<div class=\"elementor-widget-wrap\">\n\t\t\t\t\t\t\t<\/div>\n\t\t<\/div>\n\t\t\t\t\t<\/div>\n\t\t<\/section>\n\t\t\t\t<\/div>","protected":false},"excerpt":{"rendered":"<p>EXPLORAR ROTAS &amp; TRILHOS ROTAS &#038; TRILHOS TRILHO DOS BUFOS Percurso circular com ponto de partida e chegada junto ao Mercado Municipal de Pedr\u00f3g\u00e3o Pequeno. Este percurso ir\u00e1 lev\u00e1-lo por uma estrada romana, podendo observar tamb\u00e9m as magn\u00edficas escarpas gran\u00edticas do Vale do Z\u00eazere e a \u00e1guia de asa redonda que sobrevoa frequentemente este local. &#8230;<\/p>","protected":false},"author":1,"featured_media":0,"parent":0,"menu_order":0,"comment_status":"closed","ping_status":"closed","template":"template-fullwidth.php","meta":{"cozystay_single_page_hide_site_header":"","cozystay_single_page_site_header_source":"","cozystay_single_page_custom_site_header":"0","cozystay_single_page_custom_sticky_site_header":"0","cozystay_single_page_hide_page_title":"on","cozystay_single_page_header_section_size":"","cozystay_single_page_header_background_color":"","cozystay_single_page_header_background_position_x":"center","cozystay_single_page_header_background_position_y":"center","cozystay_single_page_header_background_size":"cover","cozystay_single_page_header_background_repeat":"off","cozystay_single_page_header_background_scroll":"on","cozystay_single_page_header_text_color":"","cozystay_single_page_header_show_breadcrumb":"","cozystay_single_page_site_footer_hide_main":"","cozystay_single_custom_site_footer_main_source":"","cozystay_single_custom_site_footer_main":"0","cozystay_single_page_site_footer_hide_above":"","cozystay_single_custom_site_footer_above_source":"","cozystay_single_custom_site_footer_above":"0","cozystay_single_page_site_footer_hide_instagram":"","cozystay_single_page_site_footer_hide_bottom":"","cozystay_single_custom_mobile_menu_source":"","cozystay_single_custom_mobile_menu":"0","cozystay_single_custom_mobile_menu_animation":"","cozystay_single_custom_mobile_menu_width":"","cozystay_single_custom_mobile_menu_custom_width":375,"footnotes":""},"class_list":["post-5543","page","type-page","status-publish","hentry"],"yoast_head":"<!-- This site is optimized with the Yoast SEO plugin v25.8 - https:\/\/yoast.com\/wordpress\/plugins\/seo\/ -->\n<title>Rotas e Trilhos - LarVerde Hotel<\/title>\n<meta name=\"robots\" content=\"index, follow, max-snippet:-1, max-image-preview:large, max-video-preview:-1\" \/>\n<link rel=\"canonical\" href=\"https:\/\/hotellarverde.pt\/en\/rotas-e-trilhos\/\" \/>\n<meta property=\"og:locale\" content=\"en_US\" \/>\n<meta property=\"og:type\" content=\"article\" \/>\n<meta property=\"og:title\" content=\"Rotas e Trilhos - LarVerde Hotel\" \/>\n<meta property=\"og:description\" content=\"EXPLORAR ROTAS &amp; TRILHOS ROTAS &#038; TRILHOS TRILHO DOS BUFOS Percurso circular com ponto de partida e chegada junto ao Mercado Municipal de Pedr\u00f3g\u00e3o Pequeno. Este percurso ir\u00e1 lev\u00e1-lo por uma estrada romana, podendo observar tamb\u00e9m as magn\u00edficas escarpas gran\u00edticas do Vale do Z\u00eazere e a \u00e1guia de asa redonda que sobrevoa frequentemente este local. ...\" \/>\n<meta property=\"og:url\" content=\"https:\/\/hotellarverde.pt\/en\/rotas-e-trilhos\/\" \/>\n<meta property=\"og:site_name\" content=\"LarVerde Hotel\" \/>\n<meta property=\"article:modified_time\" content=\"2025-09-02T16:49:10+00:00\" \/>\n<meta property=\"og:image\" content=\"https:\/\/hotellarverde.pt\/wp-content\/uploads\/2025\/07\/trilho-dos-bufos.jpg\" \/>\n\t<meta property=\"og:image:width\" content=\"1200\" \/>\n\t<meta property=\"og:image:height\" content=\"800\" \/>\n\t<meta property=\"og:image:type\" content=\"image\/jpeg\" \/>\n<meta name=\"twitter:card\" content=\"summary_large_image\" \/>\n<meta name=\"twitter:label1\" content=\"Est. reading time\" \/>\n\t<meta name=\"twitter:data1\" content=\"2 minutes\" \/>\n<script type=\"application\/ld+json\" class=\"yoast-schema-graph\">{\"@context\":\"https:\/\/schema.org\",\"@graph\":[{\"@type\":\"WebPage\",\"@id\":\"https:\/\/hotellarverde.pt\/rotas-e-trilhos\/\",\"url\":\"https:\/\/hotellarverde.pt\/rotas-e-trilhos\/\",\"name\":\"Rotas e Trilhos - LarVerde Hotel\",\"isPartOf\":{\"@id\":\"https:\/\/hotellarverde.pt\/#website\"},\"primaryImageOfPage\":{\"@id\":\"https:\/\/hotellarverde.pt\/rotas-e-trilhos\/#primaryimage\"},\"image\":{\"@id\":\"https:\/\/hotellarverde.pt\/rotas-e-trilhos\/#primaryimage\"},\"thumbnailUrl\":\"https:\/\/hotellarverde.pt\/wp-content\/uploads\/2025\/07\/trilho-dos-bufos.jpg\",\"datePublished\":\"2025-07-29T11:23:50+00:00\",\"dateModified\":\"2025-09-02T16:49:10+00:00\",\"breadcrumb\":{\"@id\":\"https:\/\/hotellarverde.pt\/rotas-e-trilhos\/#breadcrumb\"},\"inLanguage\":\"en-US\",\"potentialAction\":[{\"@type\":\"ReadAction\",\"target\":[\"https:\/\/hotellarverde.pt\/rotas-e-trilhos\/\"]}]},{\"@type\":\"ImageObject\",\"inLanguage\":\"en-US\",\"@id\":\"https:\/\/hotellarverde.pt\/rotas-e-trilhos\/#primaryimage\",\"url\":\"https:\/\/hotellarverde.pt\/wp-content\/uploads\/2025\/07\/trilho-dos-bufos.jpg\",\"contentUrl\":\"https:\/\/hotellarverde.pt\/wp-content\/uploads\/2025\/07\/trilho-dos-bufos.jpg\"},{\"@type\":\"BreadcrumbList\",\"@id\":\"https:\/\/hotellarverde.pt\/rotas-e-trilhos\/#breadcrumb\",\"itemListElement\":[{\"@type\":\"ListItem\",\"position\":1,\"name\":\"Home\",\"item\":\"https:\/\/hotellarverde.pt\/\"},{\"@type\":\"ListItem\",\"position\":2,\"name\":\"Rotas e Trilhos\"}]},{\"@type\":\"WebSite\",\"@id\":\"https:\/\/hotellarverde.pt\/#website\",\"url\":\"https:\/\/hotellarverde.pt\/\",\"name\":\"LarVerde Hotel\",\"description\":\"Vila da Sert\u00e3\",\"potentialAction\":[{\"@type\":\"SearchAction\",\"target\":{\"@type\":\"EntryPoint\",\"urlTemplate\":\"https:\/\/hotellarverde.pt\/?s={search_term_string}\"},\"query-input\":{\"@type\":\"PropertyValueSpecification\",\"valueRequired\":true,\"valueName\":\"search_term_string\"}}],\"inLanguage\":\"en-US\"}]}<\/script>\n<!-- \/ Yoast SEO plugin. -->","yoast_head_json":{"title":"Rotas e Trilhos - LarVerde Hotel","robots":{"index":"index","follow":"follow","max-snippet":"max-snippet:-1","max-image-preview":"max-image-preview:large","max-video-preview":"max-video-preview:-1"},"canonical":"https:\/\/hotellarverde.pt\/en\/rotas-e-trilhos\/","og_locale":"en_US","og_type":"article","og_title":"Rotas e Trilhos - LarVerde Hotel","og_description":"EXPLORAR ROTAS &amp; TRILHOS ROTAS &#038; TRILHOS TRILHO DOS BUFOS Percurso circular com ponto de partida e chegada junto ao Mercado Municipal de Pedr\u00f3g\u00e3o Pequeno. Este percurso ir\u00e1 lev\u00e1-lo por uma estrada romana, podendo observar tamb\u00e9m as magn\u00edficas escarpas gran\u00edticas do Vale do Z\u00eazere e a \u00e1guia de asa redonda que sobrevoa frequentemente este local. ...","og_url":"https:\/\/hotellarverde.pt\/en\/rotas-e-trilhos\/","og_site_name":"LarVerde Hotel","article_modified_time":"2025-09-02T16:49:10+00:00","og_image":[{"width":1200,"height":800,"url":"https:\/\/hotellarverde.pt\/wp-content\/uploads\/2025\/07\/trilho-dos-bufos.jpg","type":"image\/jpeg"}],"twitter_card":"summary_large_image","twitter_misc":{"Est. reading time":"2 minutes"},"schema":{"@context":"https:\/\/schema.org","@graph":[{"@type":"WebPage","@id":"https:\/\/hotellarverde.pt\/rotas-e-trilhos\/","url":"https:\/\/hotellarverde.pt\/rotas-e-trilhos\/","name":"Rotas e Trilhos - LarVerde Hotel","isPartOf":{"@id":"https:\/\/hotellarverde.pt\/#website"},"primaryImageOfPage":{"@id":"https:\/\/hotellarverde.pt\/rotas-e-trilhos\/#primaryimage"},"image":{"@id":"https:\/\/hotellarverde.pt\/rotas-e-trilhos\/#primaryimage"},"thumbnailUrl":"https:\/\/hotellarverde.pt\/wp-content\/uploads\/2025\/07\/trilho-dos-bufos.jpg","datePublished":"2025-07-29T11:23:50+00:00","dateModified":"2025-09-02T16:49:10+00:00","breadcrumb":{"@id":"https:\/\/hotellarverde.pt\/rotas-e-trilhos\/#breadcrumb"},"inLanguage":"en-US","potentialAction":[{"@type":"ReadAction","target":["https:\/\/hotellarverde.pt\/rotas-e-trilhos\/"]}]},{"@type":"ImageObject","inLanguage":"en-US","@id":"https:\/\/hotellarverde.pt\/rotas-e-trilhos\/#primaryimage","url":"https:\/\/hotellarverde.pt\/wp-content\/uploads\/2025\/07\/trilho-dos-bufos.jpg","contentUrl":"https:\/\/hotellarverde.pt\/wp-content\/uploads\/2025\/07\/trilho-dos-bufos.jpg"},{"@type":"BreadcrumbList","@id":"https:\/\/hotellarverde.pt\/rotas-e-trilhos\/#breadcrumb","itemListElement":[{"@type":"ListItem","position":1,"name":"Home","item":"https:\/\/hotellarverde.pt\/"},{"@type":"ListItem","position":2,"name":"Rotas e Trilhos"}]},{"@type":"WebSite","@id":"https:\/\/hotellarverde.pt\/#website","url":"https:\/\/hotellarverde.pt\/","name":"LarVerde Hotel","description":"Sert\u00e3 Village","potentialAction":[{"@type":"SearchAction","target":{"@type":"EntryPoint","urlTemplate":"https:\/\/hotellarverde.pt\/?s={search_term_string}"},"query-input":{"@type":"PropertyValueSpecification","valueRequired":true,"valueName":"search_term_string"}}],"inLanguage":"en-US"}]}},"_links":{"self":[{"href":"https:\/\/hotellarverde.pt\/en\/wp-json\/wp\/v2\/pages\/5543","targetHints":{"allow":["GET"]}}],"collection":[{"href":"https:\/\/hotellarverde.pt\/en\/wp-json\/wp\/v2\/pages"}],"about":[{"href":"https:\/\/hotellarverde.pt\/en\/wp-json\/wp\/v2\/types\/page"}],"author":[{"embeddable":true,"href":"https:\/\/hotellarverde.pt\/en\/wp-json\/wp\/v2\/users\/1"}],"replies":[{"embeddable":true,"href":"https:\/\/hotellarverde.pt\/en\/wp-json\/wp\/v2\/comments?post=5543"}],"version-history":[{"count":22,"href":"https:\/\/hotellarverde.pt\/en\/wp-json\/wp\/v2\/pages\/5543\/revisions"}],"predecessor-version":[{"id":6478,"href":"https:\/\/hotellarverde.pt\/en\/wp-json\/wp\/v2\/pages\/5543\/revisions\/6478"}],"wp:attachment":[{"href":"https:\/\/hotellarverde.pt\/en\/wp-json\/wp\/v2\/media?parent=5543"}],"curies":[{"name":"wp","href":"https:\/\/api.w.org\/{rel}","templated":true}]}}