{"id":5541,"date":"2025-07-29T11:24:01","date_gmt":"2025-07-29T11:24:01","guid":{"rendered":"https:\/\/hotellarverde.pt\/?page_id=5541"},"modified":"2025-09-02T16:48:40","modified_gmt":"2025-09-02T16:48:40","slug":"patrimonio-cultural","status":"publish","type":"page","link":"https:\/\/hotellarverde.pt\/en\/patrimonio-cultural\/","title":{"rendered":"Patrim\u00f3nio Cultural"},"content":{"rendered":"<div data-elementor-type=\"wp-page\" data-elementor-id=\"5541\" class=\"elementor elementor-5541\">\n\t\t\t\t\t\t<section class=\"elementor-section elementor-top-section elementor-element elementor-element-801451a elementor-section-height-min-height cs-section-content-fullwidth cs-parallax-on-scroll cs_scroll_y_80 elementor-section-boxed elementor-section-height-default elementor-section-items-middle\" data-id=\"801451a\" data-element_type=\"section\" data-settings=\"{&quot;background_background&quot;:&quot;classic&quot;}\" data-cs-parallax-y=\"80\" style=\"background-image: none;\" data-cs-background-image=\"https:\/\/hotellarverde.pt\/wp-content\/uploads\/2025\/07\/patrimonio-cultural.jpg\" data-cs-background-image-alt-text=\"\">\n\t\t\t\t\t\t\t<div class=\"elementor-background-overlay\"><\/div>\n\t\t\t\t\t\t\t<div class=\"elementor-container elementor-column-gap-no\">\n\t\t\t\t\t<div class=\"elementor-column elementor-col-100 elementor-top-column elementor-element elementor-element-7844eab dark-color\" data-id=\"7844eab\" data-element_type=\"column\">\n\t\t\t<div class=\"elementor-widget-wrap elementor-element-populated\">\n\t\t\t\t\t\t<div class=\"elementor-element elementor-element-b753ce4 elementor-widget elementor-widget-cs_title\" data-id=\"b753ce4\" data-element_type=\"widget\" data-widget_type=\"cs_title.default\">\n\t\t\t\t<div class=\"elementor-widget-container\">\n\t\t\t\t\t\n        <div class=\"cs-title-wrap text-center\">\t            <div class=\"cs-subtitle-wrap\"><span class=\"cs-subtitle color-white\">Explore<\/span><\/div>\t            <h5 class=\"cs-title\">\n\t                CULTURAL HERITAGE\t            <\/h5>        <\/div>\t\t\t\t<\/div>\n\t\t\t\t<\/div>\n\t\t\t\t\t<\/div>\n\t\t<\/div>\n\t\t\t\t\t<\/div>\n\t\t<\/section>\n\t\t\t\t<section class=\"elementor-section elementor-top-section elementor-element elementor-element-c340ad1 elementor-section-boxed elementor-section-height-default elementor-section-height-default\" data-id=\"c340ad1\" data-element_type=\"section\">\n\t\t\t\t\t\t<div class=\"elementor-container elementor-column-gap-default\">\n\t\t\t\t\t<div class=\"elementor-column elementor-col-100 elementor-top-column elementor-element elementor-element-7e74bea\" data-id=\"7e74bea\" data-element_type=\"column\">\n\t\t\t<div class=\"elementor-widget-wrap elementor-element-populated\">\n\t\t\t\t\t\t<div class=\"elementor-element elementor-element-36b9511 elementor-widget elementor-widget-spacer\" data-id=\"36b9511\" data-element_type=\"widget\" data-widget_type=\"spacer.default\">\n\t\t\t\t<div class=\"elementor-widget-container\">\n\t\t\t\t\t\t\t<div class=\"elementor-spacer\">\n\t\t\t<div class=\"elementor-spacer-inner\"><\/div>\n\t\t<\/div>\n\t\t\t\t\t\t<\/div>\n\t\t\t\t<\/div>\n\t\t\t\t\t<\/div>\n\t\t<\/div>\n\t\t\t\t\t<\/div>\n\t\t<\/section>\n\t\t\t\t<section class=\"elementor-section elementor-top-section elementor-element elementor-element-ab2eba7 elementor-section-boxed elementor-section-height-default elementor-section-height-default\" data-id=\"ab2eba7\" data-element_type=\"section\">\n\t\t\t\t\t\t<div class=\"elementor-container elementor-column-gap-default\">\n\t\t\t\t\t<div class=\"elementor-column elementor-col-50 elementor-top-column elementor-element elementor-element-0e0af80\" data-id=\"0e0af80\" data-element_type=\"column\">\n\t\t\t<div class=\"elementor-widget-wrap elementor-element-populated\">\n\t\t\t\t\t\t<div class=\"elementor-element elementor-element-a619500 cs-animation-small-offset elementor-invisible elementor-widget elementor-widget-cs_call_to_action\" data-id=\"a619500\" data-element_type=\"widget\" data-settings=\"{&quot;_animation&quot;:&quot;fadeInUp&quot;,&quot;_animation_delay&quot;:200}\" data-widget_type=\"cs_call_to_action.default\">\n\t\t\t\t<div class=\"elementor-widget-container\">\n\t\t\t\t\t\n\t\t<div class=\"cs-cta cta-layout-text-normal text-left cta-hover-img-zoom\">\n            <div class=\"cs-cta-wrap\">\t\t                <div class=\"cs-cta-img-wrap\">\n\t\t\t\t\t        <div class=\"cs-cta-img\">\n\t\t\t\t\t            <img fetchpriority=\"high\" decoding=\"async\" width=\"1200\" height=\"800\" src=\"https:\/\/hotellarverde.pt\/wp-content\/uploads\/2025\/07\/patrimonio-cultural-castelo.jpg\" class=\"attachment-cozystay_1200x9999 size-cozystay_1200x9999 wp-image-5698\" alt=\"\" srcset=\"https:\/\/hotellarverde.pt\/wp-content\/uploads\/2025\/07\/patrimonio-cultural-castelo.jpg 1200w, https:\/\/hotellarverde.pt\/wp-content\/uploads\/2025\/07\/patrimonio-cultural-castelo-300x200.jpg 300w, https:\/\/hotellarverde.pt\/wp-content\/uploads\/2025\/07\/patrimonio-cultural-castelo-1024x683.jpg 1024w, https:\/\/hotellarverde.pt\/wp-content\/uploads\/2025\/07\/patrimonio-cultural-castelo-768x512.jpg 768w, https:\/\/hotellarverde.pt\/wp-content\/uploads\/2025\/07\/patrimonio-cultural-castelo-18x12.jpg 18w, https:\/\/hotellarverde.pt\/wp-content\/uploads\/2025\/07\/patrimonio-cultural-castelo-780x520.jpg 780w, https:\/\/hotellarverde.pt\/wp-content\/uploads\/2025\/07\/patrimonio-cultural-castelo-600x400.jpg 600w, https:\/\/hotellarverde.pt\/wp-content\/uploads\/2025\/07\/patrimonio-cultural-castelo-550x367.jpg 550w, https:\/\/hotellarverde.pt\/wp-content\/uploads\/2025\/07\/patrimonio-cultural-castelo-370x247.jpg 370w, https:\/\/hotellarverde.pt\/wp-content\/uploads\/2025\/07\/patrimonio-cultural-castelo-255x170.jpg 255w, https:\/\/hotellarverde.pt\/wp-content\/uploads\/2025\/07\/patrimonio-cultural-castelo-150x100.jpg 150w\" sizes=\"(max-width: 1200px) 100vw, 1200px\" \/>\t\t\t\t\t        <\/div>\n\t\t\t\t\t        <div class=\"cs-offset-border\"><\/div>\n\t\t\t\t\t\t<\/div>                <div class=\"cs-cta-overlay\"><\/div>\n                <div class=\"cs-cta-content\">\t\t\t\t\t<div class=\"cs-subtitle-wrap\"><span class=\"cs-subtitle\">CULTURAL HERITAGE<\/span><\/div>\t\t            <h5 class=\"cs-cta-title cs-title\">\n\t\t                SERT\u00c3 CASTLE\t\t            <\/h5>\t\t            <div class=\"cs-cta-text\">\n\t\t                <p align=\"justify\" data-start=\"155\" data-end=\"495\">Towering over the village, Sert\u00e3 Castle holds centuries of history and legend. It is said to have been built by the Roman captain Sertorius in 74 BC, forming part of a defense line around the Serra da Estrela. However, archaeological excavations point to a more recent origin, likely during the Islamic period, in the 10th or 11th centuries.<\/p><p align=\"justify\" data-start=\"497\" data-end=\"694\">The castle is also linked to the iconic <strong data-start=\"536\" data-end=\"556\">legend of Celinda<\/strong>, the brave heroine who drove out the Romans with a sertage (frying pan) of boiling oil, a story that still gives the village its name.<\/p><p align=\"justify\" data-start=\"696\" data-end=\"993\">Over the centuries, the castle faced abandonment and ruin. However, in 1936, one of the towers and the adjacent chapel were rebuilt thanks to the efforts of the local population. In 1999, a renovation project by the City Council breathed new life into this space, now open to visitors and full of symbolism.<\/p><p><strong>GPS coordinates:<\/strong> N 39\u00ba \u00a048\u201917.73\u2033 \u00a0W 8\u00ba \u00a005\u201955.71\u2033<\/p>\t\t            <\/div>\t\t\t<\/div>            <\/div>\n        <\/div>\t\t\t\t<\/div>\n\t\t\t\t<\/div>\n\t\t\t\t\t<\/div>\n\t\t<\/div>\n\t\t\t\t<div class=\"elementor-column elementor-col-50 elementor-top-column elementor-element elementor-element-4ae7a9c\" data-id=\"4ae7a9c\" data-element_type=\"column\">\n\t\t\t<div class=\"elementor-widget-wrap elementor-element-populated\">\n\t\t\t\t\t\t<div class=\"elementor-element elementor-element-77d3007 cs-animation-small-offset elementor-invisible elementor-widget elementor-widget-cs_call_to_action\" data-id=\"77d3007\" data-element_type=\"widget\" data-settings=\"{&quot;_animation&quot;:&quot;fadeInUp&quot;,&quot;_animation_delay&quot;:200}\" data-widget_type=\"cs_call_to_action.default\">\n\t\t\t\t<div class=\"elementor-widget-container\">\n\t\t\t\t\t\n\t\t<div class=\"cs-cta cta-layout-text-normal text-left cta-hover-img-zoom\">\n            <div class=\"cs-cta-wrap\">\t\t                <div class=\"cs-cta-img-wrap\">\n\t\t\t\t\t        <div class=\"cs-cta-img\">\n\t\t\t\t\t            <img decoding=\"async\" width=\"1200\" height=\"800\" src=\"https:\/\/hotellarverde.pt\/wp-content\/uploads\/2025\/08\/Ponte-romana-da-serta.jpg\" class=\"attachment-cozystay_1200x9999 size-cozystay_1200x9999 wp-image-6089\" alt=\"\" srcset=\"https:\/\/hotellarverde.pt\/wp-content\/uploads\/2025\/08\/Ponte-romana-da-serta.jpg 1200w, https:\/\/hotellarverde.pt\/wp-content\/uploads\/2025\/08\/Ponte-romana-da-serta-300x200.jpg 300w, https:\/\/hotellarverde.pt\/wp-content\/uploads\/2025\/08\/Ponte-romana-da-serta-1024x683.jpg 1024w, https:\/\/hotellarverde.pt\/wp-content\/uploads\/2025\/08\/Ponte-romana-da-serta-768x512.jpg 768w, https:\/\/hotellarverde.pt\/wp-content\/uploads\/2025\/08\/Ponte-romana-da-serta-18x12.jpg 18w, https:\/\/hotellarverde.pt\/wp-content\/uploads\/2025\/08\/Ponte-romana-da-serta-780x520.jpg 780w, https:\/\/hotellarverde.pt\/wp-content\/uploads\/2025\/08\/Ponte-romana-da-serta-600x400.jpg 600w, https:\/\/hotellarverde.pt\/wp-content\/uploads\/2025\/08\/Ponte-romana-da-serta-550x367.jpg 550w, https:\/\/hotellarverde.pt\/wp-content\/uploads\/2025\/08\/Ponte-romana-da-serta-370x247.jpg 370w, https:\/\/hotellarverde.pt\/wp-content\/uploads\/2025\/08\/Ponte-romana-da-serta-255x170.jpg 255w, https:\/\/hotellarverde.pt\/wp-content\/uploads\/2025\/08\/Ponte-romana-da-serta-150x100.jpg 150w\" sizes=\"(max-width: 1200px) 100vw, 1200px\" \/>\t\t\t\t\t        <\/div>\n\t\t\t\t\t        <div class=\"cs-offset-border\"><\/div>\n\t\t\t\t\t\t<\/div>                <div class=\"cs-cta-overlay\"><\/div>\n                <div class=\"cs-cta-content\">\t\t\t\t\t<div class=\"cs-subtitle-wrap\"><span class=\"cs-subtitle\">CULTURAL HERITAGE<\/span><\/div>\t\t            <h5 class=\"cs-cta-title cs-title\">\n\t\t                ROMAN BRIDGE OF SERT\u00c3\t\t            <\/h5>\t\t            <div class=\"cs-cta-text\">\n\t\t                <p align=\"justify\" data-start=\"158\" data-end=\"455\">Also known as the V\u00e1rzea Bridge, Old Bridge or even the Roman Bridge, the Carvalha Bridge crosses the Sert\u00e3 River and is one of the town's historical symbols.<\/p>\n<p align=\"justify\" data-start=\"457\" data-end=\"846\">The current structure was built during the Philippine Dynasty, during the reign of Philip III of Spain, and its construction represented a significant investment for the time, with records indicating values \u200b\u200branging from 19,000 to 45,800 r\u00e9is. More than just a mere number, the bridge remains a living testament to Sert\u00e3's strategic importance and historical evolution, connecting riverbanks, histories, and generations.<\/p>\n<strong>GPS coordinates: <\/strong><a class=\"external\" href=\"https:\/\/geohack.toolforge.org\/geohack.php?params=39.799690246582_N_-8.09898662567139_E_globe:earth&amp;language=pt\">39\u00b047&#8217;58.88490&#8243;N, 8\u00b05&#8217;56.35187&#8243;W<\/a>\t\t            <\/div>\t\t\t<\/div>            <\/div>\n        <\/div>\t\t\t\t<\/div>\n\t\t\t\t<\/div>\n\t\t\t\t\t<\/div>\n\t\t<\/div>\n\t\t\t\t\t<\/div>\n\t\t<\/section>\n\t\t\t\t<section class=\"elementor-section elementor-top-section elementor-element elementor-element-936f720 elementor-section-boxed elementor-section-height-default elementor-section-height-default\" data-id=\"936f720\" data-element_type=\"section\">\n\t\t\t\t\t\t<div class=\"elementor-container elementor-column-gap-default\">\n\t\t\t\t\t<div class=\"elementor-column elementor-col-100 elementor-top-column elementor-element elementor-element-53de4d7\" data-id=\"53de4d7\" data-element_type=\"column\">\n\t\t\t<div class=\"elementor-widget-wrap elementor-element-populated\">\n\t\t\t\t\t\t<div class=\"elementor-element elementor-element-8875ac9 elementor-widget elementor-widget-spacer\" data-id=\"8875ac9\" data-element_type=\"widget\" data-widget_type=\"spacer.default\">\n\t\t\t\t<div class=\"elementor-widget-container\">\n\t\t\t\t\t\t\t<div class=\"elementor-spacer\">\n\t\t\t<div class=\"elementor-spacer-inner\"><\/div>\n\t\t<\/div>\n\t\t\t\t\t\t<\/div>\n\t\t\t\t<\/div>\n\t\t\t\t\t<\/div>\n\t\t<\/div>\n\t\t\t\t\t<\/div>\n\t\t<\/section>\n\t\t\t\t<\/div>","protected":false},"excerpt":{"rendered":"<p>explorar PATRIM\u00d3NIO CULTURAL PATRIM\u00d3NIO CULTURAL CASTELO DA SERT\u00c3 Elevado sobre a vila, o Castelo da Sert\u00e3 guarda s\u00e9culos de hist\u00f3ria e lenda. Diz-se que foi edificado pelo capit\u00e3o romano Sert\u00f3rio em 74 a.C., fazendo parte de uma linha de defesa em redor da Serra da Estrela. Mas escava\u00e7\u00f5es arqueol\u00f3gicas apontam para uma origem mais recente, &#8230;<\/p>","protected":false},"author":1,"featured_media":0,"parent":0,"menu_order":0,"comment_status":"closed","ping_status":"closed","template":"template-fullwidth.php","meta":{"cozystay_single_page_hide_site_header":"","cozystay_single_page_site_header_source":"","cozystay_single_page_custom_site_header":"0","cozystay_single_page_custom_sticky_site_header":"0","cozystay_single_page_hide_page_title":"on","cozystay_single_page_header_section_size":"","cozystay_single_page_header_background_color":"","cozystay_single_page_header_background_position_x":"center","cozystay_single_page_header_background_position_y":"center","cozystay_single_page_header_background_size":"cover","cozystay_single_page_header_background_repeat":"off","cozystay_single_page_header_background_scroll":"on","cozystay_single_page_header_text_color":"","cozystay_single_page_header_show_breadcrumb":"","cozystay_single_page_site_footer_hide_main":"","cozystay_single_custom_site_footer_main_source":"","cozystay_single_custom_site_footer_main":"0","cozystay_single_page_site_footer_hide_above":"","cozystay_single_custom_site_footer_above_source":"","cozystay_single_custom_site_footer_above":"0","cozystay_single_page_site_footer_hide_instagram":"","cozystay_single_page_site_footer_hide_bottom":"","cozystay_single_custom_mobile_menu_source":"","cozystay_single_custom_mobile_menu":"0","cozystay_single_custom_mobile_menu_animation":"","cozystay_single_custom_mobile_menu_width":"","cozystay_single_custom_mobile_menu_custom_width":375,"footnotes":""},"class_list":["post-5541","page","type-page","status-publish","hentry"],"yoast_head":"<!-- This site is optimized with the Yoast SEO plugin v25.8 - https:\/\/yoast.com\/wordpress\/plugins\/seo\/ -->\n<title>Patrim\u00f3nio Cultural - LarVerde Hotel<\/title>\n<meta name=\"robots\" content=\"index, follow, max-snippet:-1, max-image-preview:large, max-video-preview:-1\" \/>\n<link rel=\"canonical\" href=\"https:\/\/hotellarverde.pt\/en\/patrimonio-cultural\/\" \/>\n<meta property=\"og:locale\" content=\"en_US\" \/>\n<meta property=\"og:type\" content=\"article\" \/>\n<meta property=\"og:title\" content=\"Patrim\u00f3nio Cultural - LarVerde Hotel\" \/>\n<meta property=\"og:description\" content=\"explorar PATRIM\u00d3NIO CULTURAL PATRIM\u00d3NIO CULTURAL CASTELO DA SERT\u00c3 Elevado sobre a vila, o Castelo da Sert\u00e3 guarda s\u00e9culos de hist\u00f3ria e lenda. Diz-se que foi edificado pelo capit\u00e3o romano Sert\u00f3rio em 74 a.C., fazendo parte de uma linha de defesa em redor da Serra da Estrela. Mas escava\u00e7\u00f5es arqueol\u00f3gicas apontam para uma origem mais recente, ...\" \/>\n<meta property=\"og:url\" content=\"https:\/\/hotellarverde.pt\/en\/patrimonio-cultural\/\" \/>\n<meta property=\"og:site_name\" content=\"LarVerde Hotel\" \/>\n<meta property=\"article:modified_time\" content=\"2025-09-02T16:48:40+00:00\" \/>\n<meta property=\"og:image\" content=\"https:\/\/hotellarverde.pt\/wp-content\/uploads\/2025\/07\/patrimonio-cultural-castelo.jpg\" \/>\n\t<meta property=\"og:image:width\" content=\"1200\" \/>\n\t<meta property=\"og:image:height\" content=\"800\" \/>\n\t<meta property=\"og:image:type\" content=\"image\/jpeg\" \/>\n<meta name=\"twitter:card\" content=\"summary_large_image\" \/>\n<meta name=\"twitter:label1\" content=\"Est. reading time\" \/>\n\t<meta name=\"twitter:data1\" content=\"2 minutes\" \/>\n<script type=\"application\/ld+json\" class=\"yoast-schema-graph\">{\"@context\":\"https:\/\/schema.org\",\"@graph\":[{\"@type\":\"WebPage\",\"@id\":\"https:\/\/hotellarverde.pt\/patrimonio-cultural\/\",\"url\":\"https:\/\/hotellarverde.pt\/patrimonio-cultural\/\",\"name\":\"Patrim\u00f3nio Cultural - LarVerde Hotel\",\"isPartOf\":{\"@id\":\"https:\/\/hotellarverde.pt\/#website\"},\"primaryImageOfPage\":{\"@id\":\"https:\/\/hotellarverde.pt\/patrimonio-cultural\/#primaryimage\"},\"image\":{\"@id\":\"https:\/\/hotellarverde.pt\/patrimonio-cultural\/#primaryimage\"},\"thumbnailUrl\":\"https:\/\/hotellarverde.pt\/wp-content\/uploads\/2025\/07\/patrimonio-cultural-castelo.jpg\",\"datePublished\":\"2025-07-29T11:24:01+00:00\",\"dateModified\":\"2025-09-02T16:48:40+00:00\",\"breadcrumb\":{\"@id\":\"https:\/\/hotellarverde.pt\/patrimonio-cultural\/#breadcrumb\"},\"inLanguage\":\"en-US\",\"potentialAction\":[{\"@type\":\"ReadAction\",\"target\":[\"https:\/\/hotellarverde.pt\/patrimonio-cultural\/\"]}]},{\"@type\":\"ImageObject\",\"inLanguage\":\"en-US\",\"@id\":\"https:\/\/hotellarverde.pt\/patrimonio-cultural\/#primaryimage\",\"url\":\"https:\/\/hotellarverde.pt\/wp-content\/uploads\/2025\/07\/patrimonio-cultural-castelo.jpg\",\"contentUrl\":\"https:\/\/hotellarverde.pt\/wp-content\/uploads\/2025\/07\/patrimonio-cultural-castelo.jpg\"},{\"@type\":\"BreadcrumbList\",\"@id\":\"https:\/\/hotellarverde.pt\/patrimonio-cultural\/#breadcrumb\",\"itemListElement\":[{\"@type\":\"ListItem\",\"position\":1,\"name\":\"Home\",\"item\":\"https:\/\/hotellarverde.pt\/\"},{\"@type\":\"ListItem\",\"position\":2,\"name\":\"Patrim\u00f3nio Cultural\"}]},{\"@type\":\"WebSite\",\"@id\":\"https:\/\/hotellarverde.pt\/#website\",\"url\":\"https:\/\/hotellarverde.pt\/\",\"name\":\"LarVerde Hotel\",\"description\":\"Vila da Sert\u00e3\",\"potentialAction\":[{\"@type\":\"SearchAction\",\"target\":{\"@type\":\"EntryPoint\",\"urlTemplate\":\"https:\/\/hotellarverde.pt\/?s={search_term_string}\"},\"query-input\":{\"@type\":\"PropertyValueSpecification\",\"valueRequired\":true,\"valueName\":\"search_term_string\"}}],\"inLanguage\":\"en-US\"}]}<\/script>\n<!-- \/ Yoast SEO plugin. -->","yoast_head_json":{"title":"Patrim\u00f3nio Cultural - LarVerde Hotel","robots":{"index":"index","follow":"follow","max-snippet":"max-snippet:-1","max-image-preview":"max-image-preview:large","max-video-preview":"max-video-preview:-1"},"canonical":"https:\/\/hotellarverde.pt\/en\/patrimonio-cultural\/","og_locale":"en_US","og_type":"article","og_title":"Patrim\u00f3nio Cultural - LarVerde Hotel","og_description":"explorar PATRIM\u00d3NIO CULTURAL PATRIM\u00d3NIO CULTURAL CASTELO DA SERT\u00c3 Elevado sobre a vila, o Castelo da Sert\u00e3 guarda s\u00e9culos de hist\u00f3ria e lenda. Diz-se que foi edificado pelo capit\u00e3o romano Sert\u00f3rio em 74 a.C., fazendo parte de uma linha de defesa em redor da Serra da Estrela. Mas escava\u00e7\u00f5es arqueol\u00f3gicas apontam para uma origem mais recente, ...","og_url":"https:\/\/hotellarverde.pt\/en\/patrimonio-cultural\/","og_site_name":"LarVerde Hotel","article_modified_time":"2025-09-02T16:48:40+00:00","og_image":[{"width":1200,"height":800,"url":"https:\/\/hotellarverde.pt\/wp-content\/uploads\/2025\/07\/patrimonio-cultural-castelo.jpg","type":"image\/jpeg"}],"twitter_card":"summary_large_image","twitter_misc":{"Est. reading time":"2 minutes"},"schema":{"@context":"https:\/\/schema.org","@graph":[{"@type":"WebPage","@id":"https:\/\/hotellarverde.pt\/patrimonio-cultural\/","url":"https:\/\/hotellarverde.pt\/patrimonio-cultural\/","name":"Patrim\u00f3nio Cultural - LarVerde Hotel","isPartOf":{"@id":"https:\/\/hotellarverde.pt\/#website"},"primaryImageOfPage":{"@id":"https:\/\/hotellarverde.pt\/patrimonio-cultural\/#primaryimage"},"image":{"@id":"https:\/\/hotellarverde.pt\/patrimonio-cultural\/#primaryimage"},"thumbnailUrl":"https:\/\/hotellarverde.pt\/wp-content\/uploads\/2025\/07\/patrimonio-cultural-castelo.jpg","datePublished":"2025-07-29T11:24:01+00:00","dateModified":"2025-09-02T16:48:40+00:00","breadcrumb":{"@id":"https:\/\/hotellarverde.pt\/patrimonio-cultural\/#breadcrumb"},"inLanguage":"en-US","potentialAction":[{"@type":"ReadAction","target":["https:\/\/hotellarverde.pt\/patrimonio-cultural\/"]}]},{"@type":"ImageObject","inLanguage":"en-US","@id":"https:\/\/hotellarverde.pt\/patrimonio-cultural\/#primaryimage","url":"https:\/\/hotellarverde.pt\/wp-content\/uploads\/2025\/07\/patrimonio-cultural-castelo.jpg","contentUrl":"https:\/\/hotellarverde.pt\/wp-content\/uploads\/2025\/07\/patrimonio-cultural-castelo.jpg"},{"@type":"BreadcrumbList","@id":"https:\/\/hotellarverde.pt\/patrimonio-cultural\/#breadcrumb","itemListElement":[{"@type":"ListItem","position":1,"name":"Home","item":"https:\/\/hotellarverde.pt\/"},{"@type":"ListItem","position":2,"name":"Patrim\u00f3nio Cultural"}]},{"@type":"WebSite","@id":"https:\/\/hotellarverde.pt\/#website","url":"https:\/\/hotellarverde.pt\/","name":"LarVerde Hotel","description":"Sert\u00e3 Village","potentialAction":[{"@type":"SearchAction","target":{"@type":"EntryPoint","urlTemplate":"https:\/\/hotellarverde.pt\/?s={search_term_string}"},"query-input":{"@type":"PropertyValueSpecification","valueRequired":true,"valueName":"search_term_string"}}],"inLanguage":"en-US"}]}},"_links":{"self":[{"href":"https:\/\/hotellarverde.pt\/en\/wp-json\/wp\/v2\/pages\/5541","targetHints":{"allow":["GET"]}}],"collection":[{"href":"https:\/\/hotellarverde.pt\/en\/wp-json\/wp\/v2\/pages"}],"about":[{"href":"https:\/\/hotellarverde.pt\/en\/wp-json\/wp\/v2\/types\/page"}],"author":[{"embeddable":true,"href":"https:\/\/hotellarverde.pt\/en\/wp-json\/wp\/v2\/users\/1"}],"replies":[{"embeddable":true,"href":"https:\/\/hotellarverde.pt\/en\/wp-json\/wp\/v2\/comments?post=5541"}],"version-history":[{"count":19,"href":"https:\/\/hotellarverde.pt\/en\/wp-json\/wp\/v2\/pages\/5541\/revisions"}],"predecessor-version":[{"id":6472,"href":"https:\/\/hotellarverde.pt\/en\/wp-json\/wp\/v2\/pages\/5541\/revisions\/6472"}],"wp:attachment":[{"href":"https:\/\/hotellarverde.pt\/en\/wp-json\/wp\/v2\/media?parent=5541"}],"curies":[{"name":"wp","href":"https:\/\/api.w.org\/{rel}","templated":true}]}}